{"id":2279,"date":"2019-10-17T12:16:16","date_gmt":"2019-10-17T10:16:16","guid":{"rendered":"http:\/\/campinglenauzanplage.com\/camping-avec-piscine-royan\/"},"modified":"2021-01-22T11:45:30","modified_gmt":"2021-01-22T10:45:30","slug":"camping-mit-schwimmbad-royan","status":"publish","type":"page","link":"https:\/\/campinglenauzanplage.com\/de\/camping-mit-schwimmbad-royan\/","title":{"rendered":"Schwimmb\u00e4der"},"content":{"rendered":"","protected":false},"excerpt":{"rendered":"","protected":false},"author":1,"featured_media":935,"parent":0,"menu_order":0,"comment_status":"closed","ping_status":"closed","template":"","meta":{"_acf_changed":false,"footnotes":""},"class_list":["post-2279","page","type-page","status-publish","has-post-thumbnail","hentry"],"acf":[],"yoast_head":"<!-- This site is optimized with the Yoast SEO plugin v25.3 - https:\/\/yoast.com\/wordpress\/plugins\/seo\/ -->\n<title>Campingplatze mit Royan-Schwimmb\u00e4dern Campingplatze Schwimmb\u00e4der<\/title>\n<meta name=\"description\" content=\"Erfahren Sie mehr \u00fcber unseren Campingplatz Royan mit seinen Schwimmb\u00e4dern: beheizte Innen- und Au\u00dfenschwimmb\u00e4der f\u00fcr noch mehr Komfort im Urlaub.\" \/>\n<meta name=\"robots\" content=\"index, follow, max-snippet:-1, max-image-preview:large, max-video-preview:-1\" \/>\n<link rel=\"canonical\" href=\"https:\/\/campinglenauzanplage.com\/de\/camping-mit-schwimmbad-royan\/\" \/>\n<meta property=\"og:locale\" content=\"de_DE\" \/>\n<meta property=\"og:type\" content=\"article\" \/>\n<meta property=\"og:title\" content=\"Campingplatze mit Royan-Schwimmb\u00e4dern Campingplatze Schwimmb\u00e4der\" \/>\n<meta property=\"og:description\" content=\"Erfahren Sie mehr \u00fcber unseren Campingplatz Royan mit seinen Schwimmb\u00e4dern: beheizte Innen- und Au\u00dfenschwimmb\u00e4der f\u00fcr noch mehr Komfort im Urlaub.\" \/>\n<meta property=\"og:url\" content=\"https:\/\/campinglenauzanplage.com\/de\/camping-mit-schwimmbad-royan\/\" \/>\n<meta property=\"og:site_name\" content=\"Campingplatz Nauzan Plage\" \/>\n<meta property=\"article:modified_time\" content=\"2021-01-22T10:45:30+00:00\" \/>\n<meta property=\"og:image\" content=\"https:\/\/campinglenauzanplage.com\/wp-content\/uploads\/2019\/10\/camping-piscine-interieure-royan.jpg\" \/>\n\t<meta property=\"og:image:width\" content=\"1600\" \/>\n\t<meta property=\"og:image:height\" content=\"400\" \/>\n\t<meta property=\"og:image:type\" content=\"image\/jpeg\" \/>\n<meta name=\"twitter:card\" content=\"summary_large_image\" \/>\n<script type=\"application\/ld+json\" class=\"yoast-schema-graph\">{\"@context\":\"https:\/\/schema.org\",\"@graph\":[{\"@type\":\"WebPage\",\"@id\":\"https:\/\/campinglenauzanplage.com\/de\/camping-mit-schwimmbad-royan\/\",\"url\":\"https:\/\/campinglenauzanplage.com\/de\/camping-mit-schwimmbad-royan\/\",\"name\":\"Campingplatze mit Royan-Schwimmb\u00e4dern Campingplatze Schwimmb\u00e4der\",\"isPartOf\":{\"@id\":\"https:\/\/campinglenauzanplage.com\/de\/#website\"},\"primaryImageOfPage\":{\"@id\":\"https:\/\/campinglenauzanplage.com\/de\/camping-mit-schwimmbad-royan\/#primaryimage\"},\"image\":{\"@id\":\"https:\/\/campinglenauzanplage.com\/de\/camping-mit-schwimmbad-royan\/#primaryimage\"},\"thumbnailUrl\":\"https:\/\/campinglenauzanplage.com\/wp-content\/uploads\/2019\/10\/camping-piscine-interieure-royan.jpg\",\"datePublished\":\"2019-10-17T10:16:16+00:00\",\"dateModified\":\"2021-01-22T10:45:30+00:00\",\"description\":\"Erfahren Sie mehr \u00fcber unseren Campingplatz Royan mit seinen Schwimmb\u00e4dern: beheizte Innen- und Au\u00dfenschwimmb\u00e4der f\u00fcr noch mehr Komfort im Urlaub.\",\"breadcrumb\":{\"@id\":\"https:\/\/campinglenauzanplage.com\/de\/camping-mit-schwimmbad-royan\/#breadcrumb\"},\"inLanguage\":\"de\",\"potentialAction\":[{\"@type\":\"ReadAction\",\"target\":[\"https:\/\/campinglenauzanplage.com\/de\/camping-mit-schwimmbad-royan\/\"]}]},{\"@type\":\"ImageObject\",\"inLanguage\":\"de\",\"@id\":\"https:\/\/campinglenauzanplage.com\/de\/camping-mit-schwimmbad-royan\/#primaryimage\",\"url\":\"https:\/\/campinglenauzanplage.com\/wp-content\/uploads\/2019\/10\/camping-piscine-interieure-royan.jpg\",\"contentUrl\":\"https:\/\/campinglenauzanplage.com\/wp-content\/uploads\/2019\/10\/camping-piscine-interieure-royan.jpg\",\"width\":1600,\"height\":400,\"caption\":\"Campingplatze Hallenbad Royan\"},{\"@type\":\"BreadcrumbList\",\"@id\":\"https:\/\/campinglenauzanplage.com\/de\/camping-mit-schwimmbad-royan\/#breadcrumb\",\"itemListElement\":[{\"@type\":\"ListItem\",\"position\":1,\"name\":\"Campingplatz Vaux-sur-Mer\",\"item\":\"https:\/\/campinglenauzanplage.com\/de\/\"},{\"@type\":\"ListItem\",\"position\":2,\"name\":\"Campingplatze mit Royan Schwimmb\u00e4dern\"}]},{\"@type\":\"WebSite\",\"@id\":\"https:\/\/campinglenauzanplage.com\/de\/#website\",\"url\":\"https:\/\/campinglenauzanplage.com\/de\/\",\"name\":\"Camping Nauzan Plage\",\"description\":\"\",\"potentialAction\":[{\"@type\":\"SearchAction\",\"target\":{\"@type\":\"EntryPoint\",\"urlTemplate\":\"https:\/\/campinglenauzanplage.com\/de\/?s={search_term_string}\"},\"query-input\":{\"@type\":\"PropertyValueSpecification\",\"valueRequired\":true,\"valueName\":\"search_term_string\"}}],\"inLanguage\":\"de\"}]}<\/script>\n<!-- \/ Yoast SEO plugin. -->","yoast_head_json":{"title":"Campingplatze mit Royan-Schwimmb\u00e4dern Campingplatze Schwimmb\u00e4der","description":"Erfahren Sie mehr \u00fcber unseren Campingplatz Royan mit seinen Schwimmb\u00e4dern: beheizte Innen- und Au\u00dfenschwimmb\u00e4der f\u00fcr noch mehr Komfort im Urlaub.","robots":{"index":"index","follow":"follow","max-snippet":"max-snippet:-1","max-image-preview":"max-image-preview:large","max-video-preview":"max-video-preview:-1"},"canonical":"https:\/\/campinglenauzanplage.com\/de\/camping-mit-schwimmbad-royan\/","og_locale":"de_DE","og_type":"article","og_title":"Campingplatze mit Royan-Schwimmb\u00e4dern Campingplatze Schwimmb\u00e4der","og_description":"Erfahren Sie mehr \u00fcber unseren Campingplatz Royan mit seinen Schwimmb\u00e4dern: beheizte Innen- und Au\u00dfenschwimmb\u00e4der f\u00fcr noch mehr Komfort im Urlaub.","og_url":"https:\/\/campinglenauzanplage.com\/de\/camping-mit-schwimmbad-royan\/","og_site_name":"Campingplatz Nauzan Plage","article_modified_time":"2021-01-22T10:45:30+00:00","og_image":[{"width":1600,"height":400,"url":"https:\/\/campinglenauzanplage.com\/wp-content\/uploads\/2019\/10\/camping-piscine-interieure-royan.jpg","type":"image\/jpeg"}],"twitter_card":"summary_large_image","schema":{"@context":"https:\/\/schema.org","@graph":[{"@type":"WebPage","@id":"https:\/\/campinglenauzanplage.com\/de\/camping-mit-schwimmbad-royan\/","url":"https:\/\/campinglenauzanplage.com\/de\/camping-mit-schwimmbad-royan\/","name":"Campingplatze mit Royan-Schwimmb\u00e4dern Campingplatze Schwimmb\u00e4der","isPartOf":{"@id":"https:\/\/campinglenauzanplage.com\/de\/#website"},"primaryImageOfPage":{"@id":"https:\/\/campinglenauzanplage.com\/de\/camping-mit-schwimmbad-royan\/#primaryimage"},"image":{"@id":"https:\/\/campinglenauzanplage.com\/de\/camping-mit-schwimmbad-royan\/#primaryimage"},"thumbnailUrl":"https:\/\/campinglenauzanplage.com\/wp-content\/uploads\/2019\/10\/camping-piscine-interieure-royan.jpg","datePublished":"2019-10-17T10:16:16+00:00","dateModified":"2021-01-22T10:45:30+00:00","description":"Erfahren Sie mehr \u00fcber unseren Campingplatz Royan mit seinen Schwimmb\u00e4dern: beheizte Innen- und Au\u00dfenschwimmb\u00e4der f\u00fcr noch mehr Komfort im Urlaub.","breadcrumb":{"@id":"https:\/\/campinglenauzanplage.com\/de\/camping-mit-schwimmbad-royan\/#breadcrumb"},"inLanguage":"de","potentialAction":[{"@type":"ReadAction","target":["https:\/\/campinglenauzanplage.com\/de\/camping-mit-schwimmbad-royan\/"]}]},{"@type":"ImageObject","inLanguage":"de","@id":"https:\/\/campinglenauzanplage.com\/de\/camping-mit-schwimmbad-royan\/#primaryimage","url":"https:\/\/campinglenauzanplage.com\/wp-content\/uploads\/2019\/10\/camping-piscine-interieure-royan.jpg","contentUrl":"https:\/\/campinglenauzanplage.com\/wp-content\/uploads\/2019\/10\/camping-piscine-interieure-royan.jpg","width":1600,"height":400,"caption":"Campingplatze Hallenbad Royan"},{"@type":"BreadcrumbList","@id":"https:\/\/campinglenauzanplage.com\/de\/camping-mit-schwimmbad-royan\/#breadcrumb","itemListElement":[{"@type":"ListItem","position":1,"name":"Campingplatz Vaux-sur-Mer","item":"https:\/\/campinglenauzanplage.com\/de\/"},{"@type":"ListItem","position":2,"name":"Campingplatze mit Royan Schwimmb\u00e4dern"}]},{"@type":"WebSite","@id":"https:\/\/campinglenauzanplage.com\/de\/#website","url":"https:\/\/campinglenauzanplage.com\/de\/","name":"Camping Nauzan Plage","description":"","potentialAction":[{"@type":"SearchAction","target":{"@type":"EntryPoint","urlTemplate":"https:\/\/campinglenauzanplage.com\/de\/?s={search_term_string}"},"query-input":{"@type":"PropertyValueSpecification","valueRequired":true,"valueName":"search_term_string"}}],"inLanguage":"de"}]}},"_links":{"self":[{"href":"https:\/\/campinglenauzanplage.com\/de\/wp-json\/wp\/v2\/pages\/2279"}],"collection":[{"href":"https:\/\/campinglenauzanplage.com\/de\/wp-json\/wp\/v2\/pages"}],"about":[{"href":"https:\/\/campinglenauzanplage.com\/de\/wp-json\/wp\/v2\/types\/page"}],"author":[{"embeddable":true,"href":"https:\/\/campinglenauzanplage.com\/de\/wp-json\/wp\/v2\/users\/1"}],"replies":[{"embeddable":true,"href":"https:\/\/campinglenauzanplage.com\/de\/wp-json\/wp\/v2\/comments?post=2279"}],"version-history":[{"count":10,"href":"https:\/\/campinglenauzanplage.com\/de\/wp-json\/wp\/v2\/pages\/2279\/revisions"}],"predecessor-version":[{"id":3306,"href":"https:\/\/campinglenauzanplage.com\/de\/wp-json\/wp\/v2\/pages\/2279\/revisions\/3306"}],"wp:featuredmedia":[{"embeddable":true,"href":"https:\/\/campinglenauzanplage.com\/de\/wp-json\/wp\/v2\/media\/935"}],"wp:attachment":[{"href":"https:\/\/campinglenauzanplage.com\/de\/wp-json\/wp\/v2\/media?parent=2279"}],"curies":[{"name":"wp","href":"https:\/\/api.w.org\/{rel}","templated":true}]}}