{"id":2459,"date":"2019-11-29T10:06:40","date_gmt":"2019-11-29T09:06:40","guid":{"rendered":"http:\/\/campinglenauzanplage.com\/die-straende\/"},"modified":"2019-11-29T10:07:03","modified_gmt":"2019-11-29T09:07:03","slug":"die-straende","status":"publish","type":"page","link":"https:\/\/campinglenauzanplage.com\/de\/die-straende\/","title":{"rendered":"Die Str\u00e4nde"},"content":{"rendered":"","protected":false},"excerpt":{"rendered":"","protected":false},"author":1,"featured_media":0,"parent":0,"menu_order":0,"comment_status":"closed","ping_status":"closed","template":"","meta":{"_acf_changed":false,"footnotes":""},"class_list":["post-2459","page","type-page","status-publish","hentry"],"acf":[],"yoast_head":"<!-- This site is optimized with the Yoast SEO plugin v25.3 - https:\/\/yoast.com\/wordpress\/plugins\/seo\/ -->\n<title>Charente Maritime Str\u00e4nde | Top 5 der sch\u00f6nsten Charente-Maritime Str\u00e4nde<\/title>\n<meta name=\"description\" content=\"Charente-Maritime Str\u00e4nde: Entdecken Sie unseren Campingplatz am Meer f\u00fcr einen Traumurlaub in unmittelbarer N\u00e4he der Str\u00e4nde.\" \/>\n<meta name=\"robots\" content=\"index, follow, max-snippet:-1, max-image-preview:large, max-video-preview:-1\" \/>\n<link rel=\"canonical\" href=\"https:\/\/campinglenauzanplage.com\/de\/die-straende\/\" \/>\n<meta property=\"og:locale\" content=\"de_DE\" \/>\n<meta property=\"og:type\" content=\"article\" \/>\n<meta property=\"og:title\" content=\"Charente Maritime Str\u00e4nde | Top 5 der sch\u00f6nsten Charente-Maritime Str\u00e4nde\" \/>\n<meta property=\"og:description\" content=\"Charente-Maritime Str\u00e4nde: Entdecken Sie unseren Campingplatz am Meer f\u00fcr einen Traumurlaub in unmittelbarer N\u00e4he der Str\u00e4nde.\" \/>\n<meta property=\"og:url\" content=\"https:\/\/campinglenauzanplage.com\/de\/die-straende\/\" \/>\n<meta property=\"og:site_name\" content=\"Campingplatz Nauzan Plage\" \/>\n<meta property=\"article:modified_time\" content=\"2019-11-29T09:07:03+00:00\" \/>\n<meta name=\"twitter:card\" content=\"summary_large_image\" \/>\n<script type=\"application\/ld+json\" class=\"yoast-schema-graph\">{\"@context\":\"https:\/\/schema.org\",\"@graph\":[{\"@type\":\"WebPage\",\"@id\":\"https:\/\/campinglenauzanplage.com\/de\/die-straende\/\",\"url\":\"https:\/\/campinglenauzanplage.com\/de\/die-straende\/\",\"name\":\"Charente Maritime Str\u00e4nde | Top 5 der sch\u00f6nsten Charente-Maritime Str\u00e4nde\",\"isPartOf\":{\"@id\":\"https:\/\/campinglenauzanplage.com\/de\/#website\"},\"datePublished\":\"2019-11-29T09:06:40+00:00\",\"dateModified\":\"2019-11-29T09:07:03+00:00\",\"description\":\"Charente-Maritime Str\u00e4nde: Entdecken Sie unseren Campingplatz am Meer f\u00fcr einen Traumurlaub in unmittelbarer N\u00e4he der Str\u00e4nde.\",\"breadcrumb\":{\"@id\":\"https:\/\/campinglenauzanplage.com\/de\/die-straende\/#breadcrumb\"},\"inLanguage\":\"de\",\"potentialAction\":[{\"@type\":\"ReadAction\",\"target\":[\"https:\/\/campinglenauzanplage.com\/de\/die-straende\/\"]}]},{\"@type\":\"BreadcrumbList\",\"@id\":\"https:\/\/campinglenauzanplage.com\/de\/die-straende\/#breadcrumb\",\"itemListElement\":[{\"@type\":\"ListItem\",\"position\":1,\"name\":\"Campingplatz Vaux-sur-Mer\",\"item\":\"https:\/\/campinglenauzanplage.com\/de\/\"},{\"@type\":\"ListItem\",\"position\":2,\"name\":\"Str\u00e4nde in Charente-Maritime\"}]},{\"@type\":\"WebSite\",\"@id\":\"https:\/\/campinglenauzanplage.com\/de\/#website\",\"url\":\"https:\/\/campinglenauzanplage.com\/de\/\",\"name\":\"Camping Nauzan Plage\",\"description\":\"\",\"potentialAction\":[{\"@type\":\"SearchAction\",\"target\":{\"@type\":\"EntryPoint\",\"urlTemplate\":\"https:\/\/campinglenauzanplage.com\/de\/?s={search_term_string}\"},\"query-input\":{\"@type\":\"PropertyValueSpecification\",\"valueRequired\":true,\"valueName\":\"search_term_string\"}}],\"inLanguage\":\"de\"}]}<\/script>\n<!-- \/ Yoast SEO plugin. -->","yoast_head_json":{"title":"Charente Maritime Str\u00e4nde | Top 5 der sch\u00f6nsten Charente-Maritime Str\u00e4nde","description":"Charente-Maritime Str\u00e4nde: Entdecken Sie unseren Campingplatz am Meer f\u00fcr einen Traumurlaub in unmittelbarer N\u00e4he der Str\u00e4nde.","robots":{"index":"index","follow":"follow","max-snippet":"max-snippet:-1","max-image-preview":"max-image-preview:large","max-video-preview":"max-video-preview:-1"},"canonical":"https:\/\/campinglenauzanplage.com\/de\/die-straende\/","og_locale":"de_DE","og_type":"article","og_title":"Charente Maritime Str\u00e4nde | Top 5 der sch\u00f6nsten Charente-Maritime Str\u00e4nde","og_description":"Charente-Maritime Str\u00e4nde: Entdecken Sie unseren Campingplatz am Meer f\u00fcr einen Traumurlaub in unmittelbarer N\u00e4he der Str\u00e4nde.","og_url":"https:\/\/campinglenauzanplage.com\/de\/die-straende\/","og_site_name":"Campingplatz Nauzan Plage","article_modified_time":"2019-11-29T09:07:03+00:00","twitter_card":"summary_large_image","schema":{"@context":"https:\/\/schema.org","@graph":[{"@type":"WebPage","@id":"https:\/\/campinglenauzanplage.com\/de\/die-straende\/","url":"https:\/\/campinglenauzanplage.com\/de\/die-straende\/","name":"Charente Maritime Str\u00e4nde | Top 5 der sch\u00f6nsten Charente-Maritime Str\u00e4nde","isPartOf":{"@id":"https:\/\/campinglenauzanplage.com\/de\/#website"},"datePublished":"2019-11-29T09:06:40+00:00","dateModified":"2019-11-29T09:07:03+00:00","description":"Charente-Maritime Str\u00e4nde: Entdecken Sie unseren Campingplatz am Meer f\u00fcr einen Traumurlaub in unmittelbarer N\u00e4he der Str\u00e4nde.","breadcrumb":{"@id":"https:\/\/campinglenauzanplage.com\/de\/die-straende\/#breadcrumb"},"inLanguage":"de","potentialAction":[{"@type":"ReadAction","target":["https:\/\/campinglenauzanplage.com\/de\/die-straende\/"]}]},{"@type":"BreadcrumbList","@id":"https:\/\/campinglenauzanplage.com\/de\/die-straende\/#breadcrumb","itemListElement":[{"@type":"ListItem","position":1,"name":"Campingplatz Vaux-sur-Mer","item":"https:\/\/campinglenauzanplage.com\/de\/"},{"@type":"ListItem","position":2,"name":"Str\u00e4nde in Charente-Maritime"}]},{"@type":"WebSite","@id":"https:\/\/campinglenauzanplage.com\/de\/#website","url":"https:\/\/campinglenauzanplage.com\/de\/","name":"Camping Nauzan Plage","description":"","potentialAction":[{"@type":"SearchAction","target":{"@type":"EntryPoint","urlTemplate":"https:\/\/campinglenauzanplage.com\/de\/?s={search_term_string}"},"query-input":{"@type":"PropertyValueSpecification","valueRequired":true,"valueName":"search_term_string"}}],"inLanguage":"de"}]}},"_links":{"self":[{"href":"https:\/\/campinglenauzanplage.com\/de\/wp-json\/wp\/v2\/pages\/2459"}],"collection":[{"href":"https:\/\/campinglenauzanplage.com\/de\/wp-json\/wp\/v2\/pages"}],"about":[{"href":"https:\/\/campinglenauzanplage.com\/de\/wp-json\/wp\/v2\/types\/page"}],"author":[{"embeddable":true,"href":"https:\/\/campinglenauzanplage.com\/de\/wp-json\/wp\/v2\/users\/1"}],"replies":[{"embeddable":true,"href":"https:\/\/campinglenauzanplage.com\/de\/wp-json\/wp\/v2\/comments?post=2459"}],"version-history":[{"count":1,"href":"https:\/\/campinglenauzanplage.com\/de\/wp-json\/wp\/v2\/pages\/2459\/revisions"}],"predecessor-version":[{"id":2460,"href":"https:\/\/campinglenauzanplage.com\/de\/wp-json\/wp\/v2\/pages\/2459\/revisions\/2460"}],"wp:attachment":[{"href":"https:\/\/campinglenauzanplage.com\/de\/wp-json\/wp\/v2\/media?parent=2459"}],"curies":[{"name":"wp","href":"https:\/\/api.w.org\/{rel}","templated":true}]}}