{"id":3178,"date":"2019-10-08T00:06:43","date_gmt":"2019-10-07T22:06:43","guid":{"rendered":"https:\/\/campinglenauzanplage.com\/accueil\/"},"modified":"2022-04-06T14:23:26","modified_gmt":"2022-04-06T12:23:26","slug":"empfang","status":"publish","type":"page","link":"https:\/\/campinglenauzanplage.com\/de\/","title":{"rendered":"Empfang"},"content":{"rendered":"\n<p>COVID-19 &#8211; Der Campingplatz ist ge\u00f6ffnet, wir k\u00f6nnen unsere Kunden f\u00fcr ihren Sommerurlaub 2020 unter den bestm\u00f6glichen sanit\u00e4ren Bedingungen empfangen, unter Einhaltung der Richtlinien des Protokolls der F\u00e9d\u00e9ration Nationale de l&#8217;H\u00f4tellerie de Plein Air in allen unseren R\u00e4umen: Unterkunft, Rezeption, Schwimmb\u00e4der, Restaurant, etc\u2026\u2026 F\u00fcr die Sanit\u00e4ranlagen: Die Reinigungsdamen werden jederzeit im Dienst sein, um die Sanit\u00e4ranlagen jeden Tag von 8 Uhr bis 20 Uhr zu reinigen und zu desinfizieren. Wir tun unser Bestes, um Sie unter den besten Bedingungen zu empfangen und die Sicherheit aller zu gew\u00e4hrleisten.<\/p>\n","protected":false},"excerpt":{"rendered":"<p>COVID-19 &#8211; Der Campingplatz ist ge\u00f6ffnet, wir k\u00f6nnen unsere Kunden f\u00fcr ihren Sommerurlaub 2020 unter den bestm\u00f6glichen sanit\u00e4ren Bedingungen empfangen, unter Einhaltung der Richtlinien des Protokolls der F\u00e9d\u00e9ration Nationale de l&#8217;H\u00f4tellerie de Plein Air in allen unseren R\u00e4umen: Unterkunft, Rezeption, Schwimmb\u00e4der, Restaurant, etc\u2026\u2026 F\u00fcr die Sanit\u00e4ranlagen: Die Reinigungsdamen werden jederzeit im Dienst sein, um die [&hellip;]<\/p>\n","protected":false},"author":1,"featured_media":0,"parent":0,"menu_order":0,"comment_status":"closed","ping_status":"closed","template":"","meta":{"_acf_changed":false,"footnotes":""},"class_list":["post-3178","page","type-page","status-publish","hentry"],"acf":[],"yoast_head":"<!-- This site is optimized with the Yoast SEO plugin v25.3 - https:\/\/yoast.com\/wordpress\/plugins\/seo\/ -->\n<title>Camping Royan | Camping Vaux sur Mer am Meer | Charente Maritime<\/title>\n<meta name=\"description\" content=\"Sie suchen einen Campingplatz Royan in Charente-Maritime? Unser Campingplatz in Vaux sur Mer \u00f6ffnet seine T\u00fcren f\u00fcr Sie f\u00fcr Ihren Familienurlaub!\" \/>\n<meta name=\"robots\" content=\"index, follow, max-snippet:-1, max-image-preview:large, max-video-preview:-1\" \/>\n<link rel=\"canonical\" href=\"https:\/\/campinglenauzanplage.com\/de\/\" \/>\n<meta property=\"og:locale\" content=\"de_DE\" \/>\n<meta property=\"og:type\" content=\"article\" \/>\n<meta property=\"og:title\" content=\"Camping Royan | Camping Vaux sur Mer am Meer | Charente Maritime\" \/>\n<meta property=\"og:description\" content=\"Sie suchen einen Campingplatz Royan in Charente-Maritime? Unser Campingplatz in Vaux sur Mer \u00f6ffnet seine T\u00fcren f\u00fcr Sie f\u00fcr Ihren Familienurlaub!\" \/>\n<meta property=\"og:url\" content=\"https:\/\/campinglenauzanplage.com\/de\/\" \/>\n<meta property=\"og:site_name\" content=\"Campingplatz Nauzan Plage\" \/>\n<meta property=\"article:modified_time\" content=\"2022-04-06T12:23:26+00:00\" \/>\n<meta name=\"twitter:card\" content=\"summary_large_image\" \/>\n<meta name=\"twitter:label1\" content=\"Gesch\u00e4tzte Lesezeit\" \/>\n\t<meta name=\"twitter:data1\" content=\"1\u00a0Minute\" \/>\n<script type=\"application\/ld+json\" class=\"yoast-schema-graph\">{\"@context\":\"https:\/\/schema.org\",\"@graph\":[{\"@type\":\"WebPage\",\"@id\":\"https:\/\/campinglenauzanplage.com\/de\/\",\"url\":\"https:\/\/campinglenauzanplage.com\/de\/\",\"name\":\"Camping Royan | Camping Vaux sur Mer am Meer | Charente Maritime\",\"isPartOf\":{\"@id\":\"https:\/\/campinglenauzanplage.com\/de\/#website\"},\"datePublished\":\"2019-10-07T22:06:43+00:00\",\"dateModified\":\"2022-04-06T12:23:26+00:00\",\"description\":\"Sie suchen einen Campingplatz Royan in Charente-Maritime? Unser Campingplatz in Vaux sur Mer \u00f6ffnet seine T\u00fcren f\u00fcr Sie f\u00fcr Ihren Familienurlaub!\",\"breadcrumb\":{\"@id\":\"https:\/\/campinglenauzanplage.com\/de\/#breadcrumb\"},\"inLanguage\":\"de\",\"potentialAction\":[{\"@type\":\"ReadAction\",\"target\":[\"https:\/\/campinglenauzanplage.com\/de\/\"]}]},{\"@type\":\"BreadcrumbList\",\"@id\":\"https:\/\/campinglenauzanplage.com\/de\/#breadcrumb\",\"itemListElement\":[{\"@type\":\"ListItem\",\"position\":1,\"name\":\"Campingplatz Vaux-sur-Mer\",\"item\":\"https:\/\/campinglenauzanplage.com\/de\/\"},{\"@type\":\"ListItem\",\"position\":2,\"name\":\"Empfang\"}]},{\"@type\":\"WebSite\",\"@id\":\"https:\/\/campinglenauzanplage.com\/de\/#website\",\"url\":\"https:\/\/campinglenauzanplage.com\/de\/\",\"name\":\"Camping Nauzan Plage\",\"description\":\"\",\"potentialAction\":[{\"@type\":\"SearchAction\",\"target\":{\"@type\":\"EntryPoint\",\"urlTemplate\":\"https:\/\/campinglenauzanplage.com\/de\/?s={search_term_string}\"},\"query-input\":{\"@type\":\"PropertyValueSpecification\",\"valueRequired\":true,\"valueName\":\"search_term_string\"}}],\"inLanguage\":\"de\"}]}<\/script>\n<!-- \/ Yoast SEO plugin. -->","yoast_head_json":{"title":"Camping Royan | Camping Vaux sur Mer am Meer | Charente Maritime","description":"Sie suchen einen Campingplatz Royan in Charente-Maritime? Unser Campingplatz in Vaux sur Mer \u00f6ffnet seine T\u00fcren f\u00fcr Sie f\u00fcr Ihren Familienurlaub!","robots":{"index":"index","follow":"follow","max-snippet":"max-snippet:-1","max-image-preview":"max-image-preview:large","max-video-preview":"max-video-preview:-1"},"canonical":"https:\/\/campinglenauzanplage.com\/de\/","og_locale":"de_DE","og_type":"article","og_title":"Camping Royan | Camping Vaux sur Mer am Meer | Charente Maritime","og_description":"Sie suchen einen Campingplatz Royan in Charente-Maritime? Unser Campingplatz in Vaux sur Mer \u00f6ffnet seine T\u00fcren f\u00fcr Sie f\u00fcr Ihren Familienurlaub!","og_url":"https:\/\/campinglenauzanplage.com\/de\/","og_site_name":"Campingplatz Nauzan Plage","article_modified_time":"2022-04-06T12:23:26+00:00","twitter_card":"summary_large_image","twitter_misc":{"Gesch\u00e4tzte Lesezeit":"1\u00a0Minute"},"schema":{"@context":"https:\/\/schema.org","@graph":[{"@type":"WebPage","@id":"https:\/\/campinglenauzanplage.com\/de\/","url":"https:\/\/campinglenauzanplage.com\/de\/","name":"Camping Royan | Camping Vaux sur Mer am Meer | Charente Maritime","isPartOf":{"@id":"https:\/\/campinglenauzanplage.com\/de\/#website"},"datePublished":"2019-10-07T22:06:43+00:00","dateModified":"2022-04-06T12:23:26+00:00","description":"Sie suchen einen Campingplatz Royan in Charente-Maritime? Unser Campingplatz in Vaux sur Mer \u00f6ffnet seine T\u00fcren f\u00fcr Sie f\u00fcr Ihren Familienurlaub!","breadcrumb":{"@id":"https:\/\/campinglenauzanplage.com\/de\/#breadcrumb"},"inLanguage":"de","potentialAction":[{"@type":"ReadAction","target":["https:\/\/campinglenauzanplage.com\/de\/"]}]},{"@type":"BreadcrumbList","@id":"https:\/\/campinglenauzanplage.com\/de\/#breadcrumb","itemListElement":[{"@type":"ListItem","position":1,"name":"Campingplatz Vaux-sur-Mer","item":"https:\/\/campinglenauzanplage.com\/de\/"},{"@type":"ListItem","position":2,"name":"Empfang"}]},{"@type":"WebSite","@id":"https:\/\/campinglenauzanplage.com\/de\/#website","url":"https:\/\/campinglenauzanplage.com\/de\/","name":"Camping Nauzan Plage","description":"","potentialAction":[{"@type":"SearchAction","target":{"@type":"EntryPoint","urlTemplate":"https:\/\/campinglenauzanplage.com\/de\/?s={search_term_string}"},"query-input":{"@type":"PropertyValueSpecification","valueRequired":true,"valueName":"search_term_string"}}],"inLanguage":"de"}]}},"_links":{"self":[{"href":"https:\/\/campinglenauzanplage.com\/de\/wp-json\/wp\/v2\/pages\/3178"}],"collection":[{"href":"https:\/\/campinglenauzanplage.com\/de\/wp-json\/wp\/v2\/pages"}],"about":[{"href":"https:\/\/campinglenauzanplage.com\/de\/wp-json\/wp\/v2\/types\/page"}],"author":[{"embeddable":true,"href":"https:\/\/campinglenauzanplage.com\/de\/wp-json\/wp\/v2\/users\/1"}],"replies":[{"embeddable":true,"href":"https:\/\/campinglenauzanplage.com\/de\/wp-json\/wp\/v2\/comments?post=3178"}],"version-history":[{"count":12,"href":"https:\/\/campinglenauzanplage.com\/de\/wp-json\/wp\/v2\/pages\/3178\/revisions"}],"predecessor-version":[{"id":3858,"href":"https:\/\/campinglenauzanplage.com\/de\/wp-json\/wp\/v2\/pages\/3178\/revisions\/3858"}],"wp:attachment":[{"href":"https:\/\/campinglenauzanplage.com\/de\/wp-json\/wp\/v2\/media?parent=3178"}],"curies":[{"name":"wp","href":"https:\/\/api.w.org\/{rel}","templated":true}]}}