{"id":3159,"date":"2019-10-08T00:06:43","date_gmt":"2019-10-07T22:06:43","guid":{"rendered":"https:\/\/campinglenauzanplage.com\/accueil\/"},"modified":"2022-04-06T14:22:45","modified_gmt":"2022-04-06T12:22:45","slug":"homepagina","status":"publish","type":"page","link":"https:\/\/campinglenauzanplage.com\/nl\/","title":{"rendered":"Homepagina"},"content":{"rendered":"\n<p>COVID-19 &#8211; De camping is open, wij kunnen onze klanten ontvangen voor hun zomervakantie 2020 in de best mogelijke sanitaire omstandigheden, volgens de richtlijnen van het protocol opgesteld door de F\u00e9d\u00e9ration Nationale de l&#8217;H\u00f4tellerie de Plein Air in al onze ruimtes: accommodatie, receptie, zwembaden, restaurant, etc\u2026\u2026 Voor de sanitaire voorzieningen: de schoonmaaksters zullen te allen tijde aanwezig zijn om de sanitaire blokken dagelijks van 8.00 tot 20.00 uur te reinigen en te ontsmetten. Wij doen ons uiterste best om u in de beste omstandigheden te ontvangen en de veiligheid van iedereen te garanderen.<\/p>\n","protected":false},"excerpt":{"rendered":"<p>COVID-19 &#8211; De camping is open, wij kunnen onze klanten ontvangen voor hun zomervakantie 2020 in de best mogelijke sanitaire omstandigheden, volgens de richtlijnen van het protocol opgesteld door de F\u00e9d\u00e9ration Nationale de l&#8217;H\u00f4tellerie de Plein Air in al onze ruimtes: accommodatie, receptie, zwembaden, restaurant, etc\u2026\u2026 Voor de sanitaire voorzieningen: de schoonmaaksters zullen te allen [&hellip;]<\/p>\n","protected":false},"author":1,"featured_media":0,"parent":0,"menu_order":0,"comment_status":"closed","ping_status":"closed","template":"","meta":{"_acf_changed":false,"footnotes":""},"class_list":["post-3159","page","type-page","status-publish","hentry"],"acf":[],"yoast_head":"<!-- This site is optimized with the Yoast SEO plugin v25.3 - https:\/\/yoast.com\/wordpress\/plugins\/seo\/ -->\n<title>Camping Royan | Camping Vaux sur Mer zee | Charente Maritime<\/title>\n<meta name=\"description\" content=\"Bent u op zoek naar een camping Royan in Charente-Maritime? Onze camping gelegen in Vaux sur Mer opent zijn deuren voor u voor uw gezinsvakantie!\" \/>\n<meta name=\"robots\" content=\"index, follow, max-snippet:-1, max-image-preview:large, max-video-preview:-1\" \/>\n<link rel=\"canonical\" href=\"https:\/\/campinglenauzanplage.com\/nl\/\" \/>\n<meta property=\"og:locale\" content=\"nl_NL\" \/>\n<meta property=\"og:type\" content=\"article\" \/>\n<meta property=\"og:title\" content=\"Camping Royan | Camping Vaux sur Mer zee | Charente Maritime\" \/>\n<meta property=\"og:description\" content=\"Bent u op zoek naar een camping Royan in Charente-Maritime? Onze camping gelegen in Vaux sur Mer opent zijn deuren voor u voor uw gezinsvakantie!\" \/>\n<meta property=\"og:url\" content=\"https:\/\/campinglenauzanplage.com\/nl\/\" \/>\n<meta property=\"og:site_name\" content=\"Camping Nauzan Plage\" \/>\n<meta property=\"article:modified_time\" content=\"2022-04-06T12:22:45+00:00\" \/>\n<meta name=\"twitter:card\" content=\"summary_large_image\" \/>\n<meta name=\"twitter:label1\" content=\"Geschatte leestijd\" \/>\n\t<meta name=\"twitter:data1\" content=\"1 minuut\" \/>\n<script type=\"application\/ld+json\" class=\"yoast-schema-graph\">{\"@context\":\"https:\/\/schema.org\",\"@graph\":[{\"@type\":\"WebPage\",\"@id\":\"https:\/\/campinglenauzanplage.com\/nl\/\",\"url\":\"https:\/\/campinglenauzanplage.com\/nl\/\",\"name\":\"Camping Royan | Camping Vaux sur Mer zee | Charente Maritime\",\"isPartOf\":{\"@id\":\"https:\/\/campinglenauzanplage.com\/nl\/#website\"},\"datePublished\":\"2019-10-07T22:06:43+00:00\",\"dateModified\":\"2022-04-06T12:22:45+00:00\",\"description\":\"Bent u op zoek naar een camping Royan in Charente-Maritime? Onze camping gelegen in Vaux sur Mer opent zijn deuren voor u voor uw gezinsvakantie!\",\"breadcrumb\":{\"@id\":\"https:\/\/campinglenauzanplage.com\/nl\/#breadcrumb\"},\"inLanguage\":\"nl-NL\",\"potentialAction\":[{\"@type\":\"ReadAction\",\"target\":[\"https:\/\/campinglenauzanplage.com\/nl\/\"]}]},{\"@type\":\"BreadcrumbList\",\"@id\":\"https:\/\/campinglenauzanplage.com\/nl\/#breadcrumb\",\"itemListElement\":[{\"@type\":\"ListItem\",\"position\":1,\"name\":\"Camping Vaux-sur-Mer\",\"item\":\"https:\/\/campinglenauzanplage.com\/nl\/\"},{\"@type\":\"ListItem\",\"position\":2,\"name\":\"Homepagina\"}]},{\"@type\":\"WebSite\",\"@id\":\"https:\/\/campinglenauzanplage.com\/nl\/#website\",\"url\":\"https:\/\/campinglenauzanplage.com\/nl\/\",\"name\":\"Camping Nauzan Plage\",\"description\":\"\",\"potentialAction\":[{\"@type\":\"SearchAction\",\"target\":{\"@type\":\"EntryPoint\",\"urlTemplate\":\"https:\/\/campinglenauzanplage.com\/nl\/?s={search_term_string}\"},\"query-input\":{\"@type\":\"PropertyValueSpecification\",\"valueRequired\":true,\"valueName\":\"search_term_string\"}}],\"inLanguage\":\"nl-NL\"}]}<\/script>\n<!-- \/ Yoast SEO plugin. -->","yoast_head_json":{"title":"Camping Royan | Camping Vaux sur Mer zee | Charente Maritime","description":"Bent u op zoek naar een camping Royan in Charente-Maritime? Onze camping gelegen in Vaux sur Mer opent zijn deuren voor u voor uw gezinsvakantie!","robots":{"index":"index","follow":"follow","max-snippet":"max-snippet:-1","max-image-preview":"max-image-preview:large","max-video-preview":"max-video-preview:-1"},"canonical":"https:\/\/campinglenauzanplage.com\/nl\/","og_locale":"nl_NL","og_type":"article","og_title":"Camping Royan | Camping Vaux sur Mer zee | Charente Maritime","og_description":"Bent u op zoek naar een camping Royan in Charente-Maritime? Onze camping gelegen in Vaux sur Mer opent zijn deuren voor u voor uw gezinsvakantie!","og_url":"https:\/\/campinglenauzanplage.com\/nl\/","og_site_name":"Camping Nauzan Plage","article_modified_time":"2022-04-06T12:22:45+00:00","twitter_card":"summary_large_image","twitter_misc":{"Geschatte leestijd":"1 minuut"},"schema":{"@context":"https:\/\/schema.org","@graph":[{"@type":"WebPage","@id":"https:\/\/campinglenauzanplage.com\/nl\/","url":"https:\/\/campinglenauzanplage.com\/nl\/","name":"Camping Royan | Camping Vaux sur Mer zee | Charente Maritime","isPartOf":{"@id":"https:\/\/campinglenauzanplage.com\/nl\/#website"},"datePublished":"2019-10-07T22:06:43+00:00","dateModified":"2022-04-06T12:22:45+00:00","description":"Bent u op zoek naar een camping Royan in Charente-Maritime? Onze camping gelegen in Vaux sur Mer opent zijn deuren voor u voor uw gezinsvakantie!","breadcrumb":{"@id":"https:\/\/campinglenauzanplage.com\/nl\/#breadcrumb"},"inLanguage":"nl-NL","potentialAction":[{"@type":"ReadAction","target":["https:\/\/campinglenauzanplage.com\/nl\/"]}]},{"@type":"BreadcrumbList","@id":"https:\/\/campinglenauzanplage.com\/nl\/#breadcrumb","itemListElement":[{"@type":"ListItem","position":1,"name":"Camping Vaux-sur-Mer","item":"https:\/\/campinglenauzanplage.com\/nl\/"},{"@type":"ListItem","position":2,"name":"Homepagina"}]},{"@type":"WebSite","@id":"https:\/\/campinglenauzanplage.com\/nl\/#website","url":"https:\/\/campinglenauzanplage.com\/nl\/","name":"Camping Nauzan Plage","description":"","potentialAction":[{"@type":"SearchAction","target":{"@type":"EntryPoint","urlTemplate":"https:\/\/campinglenauzanplage.com\/nl\/?s={search_term_string}"},"query-input":{"@type":"PropertyValueSpecification","valueRequired":true,"valueName":"search_term_string"}}],"inLanguage":"nl-NL"}]}},"_links":{"self":[{"href":"https:\/\/campinglenauzanplage.com\/nl\/wp-json\/wp\/v2\/pages\/3159"}],"collection":[{"href":"https:\/\/campinglenauzanplage.com\/nl\/wp-json\/wp\/v2\/pages"}],"about":[{"href":"https:\/\/campinglenauzanplage.com\/nl\/wp-json\/wp\/v2\/types\/page"}],"author":[{"embeddable":true,"href":"https:\/\/campinglenauzanplage.com\/nl\/wp-json\/wp\/v2\/users\/1"}],"replies":[{"embeddable":true,"href":"https:\/\/campinglenauzanplage.com\/nl\/wp-json\/wp\/v2\/comments?post=3159"}],"version-history":[{"count":13,"href":"https:\/\/campinglenauzanplage.com\/nl\/wp-json\/wp\/v2\/pages\/3159\/revisions"}],"predecessor-version":[{"id":3856,"href":"https:\/\/campinglenauzanplage.com\/nl\/wp-json\/wp\/v2\/pages\/3159\/revisions\/3856"}],"wp:attachment":[{"href":"https:\/\/campinglenauzanplage.com\/nl\/wp-json\/wp\/v2\/media?parent=3159"}],"curies":[{"name":"wp","href":"https:\/\/api.w.org\/{rel}","templated":true}]}}